{"id":7395,"date":"2019-08-06T21:33:13","date_gmt":"2019-08-06T21:33:13","guid":{"rendered":"http:\/\/morenitaaccesorios.com\/?page_id=14"},"modified":"2019-08-06T21:33:13","modified_gmt":"2019-08-06T21:33:13","slug":"nosotros","status":"publish","type":"page","link":"https:\/\/morenitaaccesorios.com\/index.php\/nosotros\/","title":{"rendered":"Nosotros"},"content":{"rendered":"\t\t<div data-elementor-type=\"wp-post\" data-elementor-id=\"7395\" class=\"elementor elementor-7395\">\n\t\t\t\t\t\t<section class=\"gap-no elementor-section elementor-top-section elementor-element elementor-element-2f19bacb elementor-section-content-middle elementor-section-boxed elementor-section-height-default elementor-section-height-default\" data-id=\"2f19bacb\" data-element_type=\"section\">\n\t\t\t\t\t\t<div class=\"elementor-container elementor-column-gap-no\">\n\t\t\t\t\t<div class=\"elementor-column elementor-col-50 elementor-top-column elementor-element elementor-element-755004d3\" data-id=\"755004d3\" data-element_type=\"column\">\n\t\t\t<div class=\"elementor-widget-wrap elementor-element-populated\">\n\t\t\t\t\t\t<div class=\"elementor-element elementor-element-482faaa3 elementor-widget elementor-widget-image\" data-id=\"482faaa3\" data-element_type=\"widget\" data-widget_type=\"image.default\">\n\t\t\t\t<div class=\"elementor-widget-container\">\n\t\t\t<style>\/*! elementor - v3.22.0 - 17-06-2024 *\/\n.elementor-widget-image{text-align:center}.elementor-widget-image a{display:inline-block}.elementor-widget-image a img[src$=\".svg\"]{width:48px}.elementor-widget-image img{vertical-align:middle;display:inline-block}<\/style>\t\t\t\t\t\t\t<figure class=\"wp-caption\">\n\t\t\t\t\t\t\t\t\t\t<img fetchpriority=\"high\" decoding=\"async\" width=\"814\" height=\"1024\" src=\"https:\/\/morenitaaccesorios.com\/wp-content\/uploads\/2019\/08\/Ale-Hoyos-Morenita-Accesorios.jpeg\" class=\"attachment-large size-large wp-image-363\" alt=\"\" \/>\t\t\t\t\t\t\t\t\t\t\t<figcaption class=\"widget-image-caption wp-caption-text\">DI Alejandra Hoyos<\/figcaption>\n\t\t\t\t\t\t\t\t\t\t<\/figure>\n\t\t\t\t\t\t\t<\/div>\n\t\t\t\t<\/div>\n\t\t\t\t\t<\/div>\n\t\t<\/div>\n\t\t\t\t<div class=\"elementor-column elementor-col-50 elementor-top-column elementor-element elementor-element-21d4f4f2\" data-id=\"21d4f4f2\" data-element_type=\"column\">\n\t\t\t<div class=\"elementor-widget-wrap elementor-element-populated\">\n\t\t\t\t\t\t<div class=\"elementor-element elementor-element-57a3214b wooma-transform transform-type-translate elementor-widget elementor-widget-heading\" data-id=\"57a3214b\" data-element_type=\"widget\" data-widget_type=\"heading.default\">\n\t\t\t\t<div class=\"elementor-widget-container\">\n\t\t\t<style>\/*! elementor - v3.22.0 - 17-06-2024 *\/\n.elementor-heading-title{padding:0;margin:0;line-height:1}.elementor-widget-heading .elementor-heading-title[class*=elementor-size-]>a{color:inherit;font-size:inherit;line-height:inherit}.elementor-widget-heading .elementor-heading-title.elementor-size-small{font-size:15px}.elementor-widget-heading .elementor-heading-title.elementor-size-medium{font-size:19px}.elementor-widget-heading .elementor-heading-title.elementor-size-large{font-size:29px}.elementor-widget-heading .elementor-heading-title.elementor-size-xl{font-size:39px}.elementor-widget-heading .elementor-heading-title.elementor-size-xxl{font-size:59px}<\/style><h4 class=\"elementor-heading-title elementor-size-default\">Morenita Accesorios<\/h4>\t\t<\/div>\n\t\t\t\t<\/div>\n\t\t\t\t<div class=\"elementor-element elementor-element-48a15772 elementor-widget elementor-widget-text-editor\" data-id=\"48a15772\" data-element_type=\"widget\" data-widget_type=\"text-editor.default\">\n\t\t\t\t<div class=\"elementor-widget-container\">\n\t\t\t<style>\/*! elementor - v3.22.0 - 17-06-2024 *\/\n.elementor-widget-text-editor.elementor-drop-cap-view-stacked .elementor-drop-cap{background-color:#69727d;color:#fff}.elementor-widget-text-editor.elementor-drop-cap-view-framed .elementor-drop-cap{color:#69727d;border:3px solid;background-color:transparent}.elementor-widget-text-editor:not(.elementor-drop-cap-view-default) .elementor-drop-cap{margin-top:8px}.elementor-widget-text-editor:not(.elementor-drop-cap-view-default) .elementor-drop-cap-letter{width:1em;height:1em}.elementor-widget-text-editor .elementor-drop-cap{float:left;text-align:center;line-height:1;font-size:50px}.elementor-widget-text-editor .elementor-drop-cap-letter{display:inline-block}<\/style>\t\t\t\t<p class=\"nosotros-morenita-accesorios\" style=\"color: #6d6d6d;font-family: Muli, sans-serif;font-size: medium;letter-spacing: 1.6px;text-align: justify !important\">\u201cPara m\u00ed lo m\u00e1s importante de dise\u00f1ar, es ser innovador, proponer y tener tu propia escencia como marca, que caracterice tu personalidad como dise\u00f1adora\u201d \u2013\u00a0<span style=\"font-weight: 600\">Alejandra Hoyos<\/span><\/p><p class=\"nosotros-morenita-accesorios\" style=\"color: #6d6d6d;font-family: Muli, sans-serif;font-size: medium;letter-spacing: 1.6px;text-align: justify !important\">Siempre trataremos de estar en tendencia y ofrecerle al cliente un producto de calidad hecho a mano, accesible para cualquier mujer, porque para nosotros la mujer es nuestra prioridad.<\/p><p class=\"nosotros-morenita-accesorios\" style=\"color: #6d6d6d;font-family: Muli, sans-serif;font-size: medium;letter-spacing: 1.6px;text-align: justify !important\">Despu\u00e9s de concluir sus estudios en la Universidad Iberoamericana en Dise\u00f1o industrial nuestra dise\u00f1adora estudio una maestr\u00eda en dise\u00f1o de Calzado y complementos de moda en Barcelona, Espa\u00f1a, donde descubri\u00f3 su pasi\u00f3n por los accesorios femeninos. A su \u00a0regreso a M\u00e9xico \u00a0inicio su empresa en 2016, Morenita, en la cual tratamos de crear productos de manera artesanal \u00fanicos para todas nuestras clientas, somos una empresa 100% mexicana, desde nuestra materia prima, dise\u00f1o, producci\u00f3n y distribuci\u00f3n. Nuestro sello es siempre variar en pieles de fantas\u00eda y crear esa conexi\u00f3n entre producto y cliente.<\/p>\t\t\t\t\t\t<\/div>\n\t\t\t\t<\/div>\n\t\t\t\t\t<\/div>\n\t\t<\/div>\n\t\t\t\t\t<\/div>\n\t\t<\/section>\n\t\t\t\t<section class=\"gap-default elementor-section elementor-top-section elementor-element elementor-element-2b73f72 elementor-section-stretched elementor-section-full_width elementor-section-height-default elementor-section-height-default\" data-id=\"2b73f72\" data-element_type=\"section\" data-settings=\"{&quot;stretch_section&quot;:&quot;section-stretched&quot;}\">\n\t\t\t\t\t\t<div class=\"elementor-container elementor-column-gap-default\">\n\t\t\t\t\t<div class=\"elementor-column elementor-col-100 elementor-top-column elementor-element elementor-element-372bcb5\" data-id=\"372bcb5\" data-element_type=\"column\">\n\t\t\t<div class=\"elementor-widget-wrap elementor-element-populated\">\n\t\t\t\t\t\t<div class=\"elementor-element elementor-element-dcfd4bc elementor-widget elementor-widget-animated-headline\" data-id=\"dcfd4bc\" data-element_type=\"widget\" data-widget_type=\"animated-headline.default\">\n\t\t\t\t<div class=\"elementor-widget-container\">\n\t\t\t \t\t<\/div>\n\t\t\t\t<\/div>\n\t\t\t\t\t<\/div>\n\t\t<\/div>\n\t\t\t\t\t<\/div>\n\t\t<\/section>\n\t\t\t\t<section class=\"gap-default elementor-section elementor-top-section elementor-element elementor-element-e825602 elementor-section-boxed elementor-section-height-default elementor-section-height-default\" data-id=\"e825602\" data-element_type=\"section\">\n\t\t\t\t\t\t<div class=\"elementor-container elementor-column-gap-default\">\n\t\t\t\t\t<div class=\"elementor-column elementor-col-100 elementor-top-column elementor-element elementor-element-973ccef\" data-id=\"973ccef\" data-element_type=\"column\">\n\t\t\t<div class=\"elementor-widget-wrap elementor-element-populated\">\n\t\t\t\t\t\t<div class=\"elementor-element elementor-element-bf55e5d elementor-widget elementor-widget-media-carousel\" data-id=\"bf55e5d\" data-element_type=\"widget\" data-widget_type=\"media-carousel.default\">\n\t\t\t\t<div class=\"elementor-widget-container\">\n\t\t\t \t\t<\/div>\n\t\t\t\t<\/div>\n\t\t\t\t\t<\/div>\n\t\t<\/div>\n\t\t\t\t\t<\/div>\n\t\t<\/section>\n\t\t\t\t<\/div>\n\t\t","protected":false},"excerpt":{"rendered":"<p>DI Alejandra Hoyos Morenita Accesorios \u201cPara m\u00ed lo m\u00e1s importante de dise\u00f1ar, es ser innovador, proponer y tener tu propia escencia como marca, que caracterice tu personalidad como dise\u00f1adora\u201d \u2013&nbsp;Alejandra Hoyos Siempre trataremos de estar en tendencia y ofrecerle al cliente un producto de calidad hecho a mano, accesible para cualquier mujer, porque para nosotros&#8230;<\/p>\n","protected":false},"author":1,"featured_media":0,"parent":0,"menu_order":0,"comment_status":"closed","ping_status":"closed","template":"","meta":{"footnotes":""},"class_list":{"0":"post-7395","1":"page","2":"type-page","3":"status-publish","4":"hentry","5":"nt-post-class","6":"","7":"thumb-none","9":"excerpt-none"},"_links":{"self":[{"href":"https:\/\/morenitaaccesorios.com\/index.php\/wp-json\/wp\/v2\/pages\/7395","targetHints":{"allow":["GET"]}}],"collection":[{"href":"https:\/\/morenitaaccesorios.com\/index.php\/wp-json\/wp\/v2\/pages"}],"about":[{"href":"https:\/\/morenitaaccesorios.com\/index.php\/wp-json\/wp\/v2\/types\/page"}],"author":[{"embeddable":true,"href":"https:\/\/morenitaaccesorios.com\/index.php\/wp-json\/wp\/v2\/users\/1"}],"replies":[{"embeddable":true,"href":"https:\/\/morenitaaccesorios.com\/index.php\/wp-json\/wp\/v2\/comments?post=7395"}],"version-history":[{"count":0,"href":"https:\/\/morenitaaccesorios.com\/index.php\/wp-json\/wp\/v2\/pages\/7395\/revisions"}],"wp:attachment":[{"href":"https:\/\/morenitaaccesorios.com\/index.php\/wp-json\/wp\/v2\/media?parent=7395"}],"curies":[{"name":"wp","href":"https:\/\/api.w.org\/{rel}","templated":true}]}}